{"id":6791,"date":"2018-01-19T12:50:00","date_gmt":"2018-01-19T09:50:00","guid":{"rendered":"http:\/\/hakansemlak.com\/?page_id=6791"},"modified":"2018-03-20T12:27:03","modified_gmt":"2018-03-20T09:27:03","slug":"koycegize-gel","status":"publish","type":"page","link":"https:\/\/hakansemlak.com\/gb\/koycegize-gel\/","title":{"rendered":"Come To Koycegiz"},"content":{"rendered":"<section class=\"wpb-content-wrapper\"><p>[vc_row][vc_column][vc_empty_space height=&#8221;32&#8243;][vc_separator][vc_empty_space height=&#8221;32&#8243;][\/vc_column][\/vc_row][vc_row][vc_column width=&#8221;1\/2&#8243;][vc_column_text]<strong>Why?<\/strong><\/p>\n<p>How long will we live the life which modern world and metropolises dictate us to live? How long will we submit the stressful life which prey on our mind in constant hustle and always having trouble by getting somewhere in cities? Is it possible to live in a calm place, but having all opportunities of modern life, communing with nature? Yes, possible.<\/p>\n<p>We and other like us did this, why don\u2019t you?[\/vc_column_text][\/vc_column][vc_column width=&#8221;1\/2&#8243;][vc_single_image image=&#8221;6817&#8243; img_size=&#8221;full&#8221;][\/vc_column][\/vc_row][vc_row full_width=&#8221;stretch_row&#8221; css=&#8221;.vc_custom_1516890240978{background-color: #ffffff !important;}&#8221;][vc_column width=&#8221;1\/2&#8243;][vc_single_image image=&#8221;6821&#8243; img_size=&#8221;full&#8221;][\/vc_column][vc_column width=&#8221;1\/2&#8243;][vc_column_text]<strong>Life<\/strong><\/p>\n<p>It is calm here. Wilderness, glowering at chaos of all life. It is mysterious, offers various surprises in its quite corners. Sandras mountains and \u00d6lemez Hights. Deep blue lake among them. Reeds, greens around and all tones of blue. Streets, decorated with trees and flowers among the dublex houses. No city chaos here. When you desire, grab a chair by the lake. Read a book or watch only the lake\u2019s colors and curls. Stop the life, just a second.[\/vc_column_text][\/vc_column][\/vc_row][vc_row][vc_column width=&#8221;1\/2&#8243;][vc_column_text]<strong>Nature<\/strong><\/p>\n<p>Sky is deep blue. Lone orange tree was decorated with very tiny white flowers among its acute lumpy leafs without regard to its skinny trunk. A buzzing ladybug flys among one flower to another.<\/p>\n<p>Here, all orchestras\u2019 music on earth turns into a green. Cottonwoods, drooping willows, eucalyptuses, sweetgums, sycamores and pines. All of them are green with various tones.[\/vc_column_text][\/vc_column][vc_column width=&#8221;1\/2&#8243;][vc_single_image image=&#8221;6824&#8243; img_size=&#8221;full&#8221;][\/vc_column][\/vc_row][vc_row][vc_column][vc_column_text]<\/p>\n<div class=\"sharethis-inline-share-buttons\"><\/div>\n<p>[\/vc_column_text][\/vc_column][\/vc_row][vc_row][vc_column][vc_column_text]<\/p>\n<h2 style=\"text-align: center;\">Come to Koycegiz<\/h2>\n<p>[\/vc_column_text][\/vc_column][\/vc_row]<\/p>\n<\/section>","protected":false},"excerpt":{"rendered":"<p>[vc_row][vc_column][vc_empty_space height=&#8221;32&#8243;][vc_separator][vc_empty_space height=&#8221;32&#8243;][\/vc_column][\/vc_row][vc_row][vc_column width=&#8221;1\/2&#8243;][vc_column_text]Why? How long will we live the life which modern world and metropolises dictate us to live? How long will we submit the stressful life which prey on our mind in constant hustle and always having trouble by getting somewhere in cities? Is it possible to live in a calm place, but [&hellip;]<\/p>\n","protected":false},"author":2,"featured_media":0,"parent":0,"menu_order":0,"comment_status":"closed","ping_status":"closed","template":"template\/template-homepage.php","meta":{"_exactmetrics_skip_tracking":false,"_exactmetrics_sitenote_active":false,"_exactmetrics_sitenote_note":"","_exactmetrics_sitenote_category":0,"footnotes":""},"class_list":["post-6791","page","type-page","status-publish","hentry"],"translation":{"provider":"WPGlobus","version":"3.0.1","language":"gb","enabled_languages":["tr","gb"],"languages":{"tr":{"title":true,"content":true,"excerpt":false},"gb":{"title":true,"content":true,"excerpt":false}}},"yoast_head":"<!-- This site is optimized with the Yoast SEO plugin v26.7 - https:\/\/yoast.com\/wordpress\/plugins\/seo\/ -->\n<title>Come To Koycegiz - Hakan&#039;s Real Estate<\/title>\n<meta name=\"robots\" content=\"index, follow, max-snippet:-1, max-image-preview:large, max-video-preview:-1\" \/>\n<link rel=\"canonical\" href=\"https:\/\/hakansemlak.com\/koycegize-gel\/\" \/>\n<meta property=\"og:locale\" content=\"en_GB\" \/>\n<meta property=\"og:type\" content=\"article\" \/>\n<meta property=\"og:title\" content=\"Come To Koycegiz - Hakan&#039;s Real Estate\" \/>\n<meta property=\"og:url\" content=\"https:\/\/hakansemlak.com\/koycegize-gel\/\" \/>\n<meta property=\"og:site_name\" content=\"Hakan&#039;s Real Estate\" \/>\n<meta property=\"article:publisher\" content=\"https:\/\/www.facebook.com\/hakansrealestate\/\" \/>\n<meta property=\"article:modified_time\" content=\"2018-03-20T09:27:03+00:00\" \/>\n<meta property=\"og:image\" content=\"https:\/\/hakansemlak.com\/wp-content\/uploads\/2017\/06\/logo_tr@3x.png\" \/>\n\t<meta property=\"og:image:width\" content=\"533\" \/>\n\t<meta property=\"og:image:height\" content=\"95\" \/>\n\t<meta property=\"og:image:type\" content=\"image\/png\" \/>\n<meta name=\"twitter:card\" content=\"summary_large_image\" \/>\n<meta name=\"twitter:label1\" content=\"Est. reading time\" \/>\n\t<meta name=\"twitter:data1\" content=\"5 minutes\" \/>\n<script type=\"application\/ld+json\" class=\"yoast-schema-graph\">{\"@context\":\"https:\/\/schema.org\",\"@graph\":[{\"@type\":\"WebPage\",\"@id\":\"https:\/\/hakansemlak.com\/koycegize-gel\/\",\"url\":\"https:\/\/hakansemlak.com\/koycegize-gel\/\",\"name\":\"Come To Koycegiz - Hakan&#039;s Real Estate\",\"isPartOf\":{\"@id\":\"https:\/\/hakansemlak.com\/#website\"},\"datePublished\":\"2018-01-19T09:50:00+00:00\",\"dateModified\":\"2018-03-20T09:27:03+00:00\",\"description\":\"K\u00f6yce\u011fiz'de hayat, K\u00f6yce\u011fiz'de do\u011fa, K\u00f6yce\u011fiz'de okullar, K\u00f6yce\u011fiz'de hastaneler, K\u00f6yce\u011fiz'de ya\u015fam. G\u00fcne\u015fin hi\u00e7 terk etmedi\u011fi, do\u011fan\u0131n c\u00f6mert davrand\u0131\u011f\u0131 K\u00f6yce\u011fiz cenneti ad\u0131n\u0131 ald\u0131\u011f\u0131 K\u00f6yce\u011fiz G\u00f6l\u00fc\u2019n\u00fcn kuzeyinde kurulmu\u015f narenciye bah\u00e7eleri ve g\u00fcnl\u00fck ormanlar\u0131n\u0131n aras\u0131nda kalm\u0131\u015f ... K\u00f6yce\u011fiz, hayat, ya\u015fam.\",\"breadcrumb\":{\"@id\":\"https:\/\/hakansemlak.com\/koycegize-gel\/#breadcrumb\"},\"inLanguage\":\"en-GB\",\"potentialAction\":[{\"@type\":\"ReadAction\",\"target\":[\"https:\/\/hakansemlak.com\/koycegize-gel\/\"]}]},{\"@type\":\"BreadcrumbList\",\"@id\":\"https:\/\/hakansemlak.com\/koycegize-gel\/#breadcrumb\",\"itemListElement\":[{\"@type\":\"ListItem\",\"position\":1,\"name\":\"Ana sayfa\",\"item\":\"https:\/\/hakansemlak.com\/\"},{\"@type\":\"ListItem\",\"position\":2,\"name\":\"K\u00f6yce\u011fiz&#8217;e Gel\"}]},{\"@type\":\"WebSite\",\"@id\":\"https:\/\/hakansemlak.com\/#website\",\"url\":\"https:\/\/hakansemlak.com\/\",\"name\":\"Hakans Emlak\",\"description\":\"Hakan&#039;s Real Estate\",\"publisher\":{\"@id\":\"https:\/\/hakansemlak.com\/#organization\"},\"potentialAction\":[{\"@type\":\"SearchAction\",\"target\":{\"@type\":\"EntryPoint\",\"urlTemplate\":\"https:\/\/hakansemlak.com\/?s={search_term_string}\"},\"query-input\":{\"@type\":\"PropertyValueSpecification\",\"valueRequired\":true,\"valueName\":\"search_term_string\"}}],\"inLanguage\":\"en-GB\"},{\"@type\":\"Organization\",\"@id\":\"https:\/\/hakansemlak.com\/#organization\",\"name\":\"Hakan's Emlak\",\"url\":\"https:\/\/hakansemlak.com\/\",\"logo\":{\"@type\":\"ImageObject\",\"inLanguage\":\"en-GB\",\"@id\":\"https:\/\/hakansemlak.com\/#\/schema\/logo\/image\/\",\"url\":\"https:\/\/hakansemlak.com\/wp-content\/uploads\/2017\/06\/logo_tr@3x.png\",\"contentUrl\":\"https:\/\/hakansemlak.com\/wp-content\/uploads\/2017\/06\/logo_tr@3x.png\",\"width\":533,\"height\":95,\"caption\":\"Hakan's Emlak\"},\"image\":{\"@id\":\"https:\/\/hakansemlak.com\/#\/schema\/logo\/image\/\"},\"sameAs\":[\"https:\/\/www.facebook.com\/hakansrealestate\/\",\"https:\/\/www.linkedin.com\/company\/27155603\/\",\"http:\/\/www.pinterest.com\/hakansemlak\",\"https:\/\/www.youtube.com\/user\/ialkaya\/\"]}]}<\/script>\n<!-- \/ Yoast SEO plugin. -->","yoast_head_json":{"title":"Come To Koycegiz - Hakan&#039;s Real Estate","robots":{"index":"index","follow":"follow","max-snippet":"max-snippet:-1","max-image-preview":"max-image-preview:large","max-video-preview":"max-video-preview:-1"},"canonical":"https:\/\/hakansemlak.com\/koycegize-gel\/","og_locale":"en_GB","og_type":"article","og_title":"Come To Koycegiz - Hakan&#039;s Real Estate","og_url":"https:\/\/hakansemlak.com\/koycegize-gel\/","og_site_name":"Hakan&#039;s Real Estate","article_publisher":"https:\/\/www.facebook.com\/hakansrealestate\/","article_modified_time":"2018-03-20T09:27:03+00:00","og_image":[{"width":533,"height":95,"url":"https:\/\/hakansemlak.com\/wp-content\/uploads\/2017\/06\/logo_tr@3x.png","type":"image\/png"}],"twitter_card":"summary_large_image","twitter_misc":{"Est. reading time":"5 minutes"},"schema":{"@context":"https:\/\/schema.org","@graph":[{"@type":"WebPage","@id":"https:\/\/hakansemlak.com\/koycegize-gel\/","url":"https:\/\/hakansemlak.com\/koycegize-gel\/","name":"Come To Koycegiz - Hakan&#039;s Real Estate","isPartOf":{"@id":"https:\/\/hakansemlak.com\/#website"},"datePublished":"2018-01-19T09:50:00+00:00","dateModified":"2018-03-20T09:27:03+00:00","description":"K\u00f6yce\u011fiz'de hayat, K\u00f6yce\u011fiz'de do\u011fa, K\u00f6yce\u011fiz'de okullar, K\u00f6yce\u011fiz'de hastaneler, K\u00f6yce\u011fiz'de ya\u015fam. G\u00fcne\u015fin hi\u00e7 terk etmedi\u011fi, do\u011fan\u0131n c\u00f6mert davrand\u0131\u011f\u0131 K\u00f6yce\u011fiz cenneti ad\u0131n\u0131 ald\u0131\u011f\u0131 K\u00f6yce\u011fiz G\u00f6l\u00fc\u2019n\u00fcn kuzeyinde kurulmu\u015f narenciye bah\u00e7eleri ve g\u00fcnl\u00fck ormanlar\u0131n\u0131n aras\u0131nda kalm\u0131\u015f ... K\u00f6yce\u011fiz, hayat, ya\u015fam.","breadcrumb":{"@id":"https:\/\/hakansemlak.com\/koycegize-gel\/#breadcrumb"},"inLanguage":"en-GB","potentialAction":[{"@type":"ReadAction","target":["https:\/\/hakansemlak.com\/koycegize-gel\/"]}]},{"@type":"BreadcrumbList","@id":"https:\/\/hakansemlak.com\/koycegize-gel\/#breadcrumb","itemListElement":[{"@type":"ListItem","position":1,"name":"Ana sayfa","item":"https:\/\/hakansemlak.com\/"},{"@type":"ListItem","position":2,"name":"K\u00f6yce\u011fiz&#8217;e Gel"}]},{"@type":"WebSite","@id":"https:\/\/hakansemlak.com\/#website","url":"https:\/\/hakansemlak.com\/","name":"Hakans Emlak","description":"Hakan&#039;s Real Estate","publisher":{"@id":"https:\/\/hakansemlak.com\/#organization"},"potentialAction":[{"@type":"SearchAction","target":{"@type":"EntryPoint","urlTemplate":"https:\/\/hakansemlak.com\/?s={search_term_string}"},"query-input":{"@type":"PropertyValueSpecification","valueRequired":true,"valueName":"search_term_string"}}],"inLanguage":"en-GB"},{"@type":"Organization","@id":"https:\/\/hakansemlak.com\/#organization","name":"Hakan's Emlak","url":"https:\/\/hakansemlak.com\/","logo":{"@type":"ImageObject","inLanguage":"en-GB","@id":"https:\/\/hakansemlak.com\/#\/schema\/logo\/image\/","url":"https:\/\/hakansemlak.com\/wp-content\/uploads\/2017\/06\/logo_tr@3x.png","contentUrl":"https:\/\/hakansemlak.com\/wp-content\/uploads\/2017\/06\/logo_tr@3x.png","width":533,"height":95,"caption":"Hakan's Emlak"},"image":{"@id":"https:\/\/hakansemlak.com\/#\/schema\/logo\/image\/"},"sameAs":["https:\/\/www.facebook.com\/hakansrealestate\/","https:\/\/www.linkedin.com\/company\/27155603\/","http:\/\/www.pinterest.com\/hakansemlak","https:\/\/www.youtube.com\/user\/ialkaya\/"]}]}},"_links":{"self":[{"href":"https:\/\/hakansemlak.com\/gb\/wp-json\/wp\/v2\/pages\/6791","targetHints":{"allow":["GET"]}}],"collection":[{"href":"https:\/\/hakansemlak.com\/gb\/wp-json\/wp\/v2\/pages"}],"about":[{"href":"https:\/\/hakansemlak.com\/gb\/wp-json\/wp\/v2\/types\/page"}],"author":[{"embeddable":true,"href":"https:\/\/hakansemlak.com\/gb\/wp-json\/wp\/v2\/users\/2"}],"replies":[{"embeddable":true,"href":"https:\/\/hakansemlak.com\/gb\/wp-json\/wp\/v2\/comments?post=6791"}],"version-history":[{"count":0,"href":"https:\/\/hakansemlak.com\/gb\/wp-json\/wp\/v2\/pages\/6791\/revisions"}],"wp:attachment":[{"href":"https:\/\/hakansemlak.com\/gb\/wp-json\/wp\/v2\/media?parent=6791"}],"curies":[{"name":"wp","href":"https:\/\/api.w.org\/{rel}","templated":true}]}}