{"id":4411,"date":"2017-08-09T14:25:45","date_gmt":"2017-08-09T11:25:45","guid":{"rendered":"http:\/\/emlak.alkaya.org\/?page_id=4411"},"modified":"2018-01-30T12:46:34","modified_gmt":"2018-01-30T09:46:34","slug":"gayrimenkul-hizmetleri","status":"publish","type":"page","link":"https:\/\/hakansemlak.com\/gb\/gayrimenkul-hizmetleri\/","title":{"rendered":"Real Estate Services"},"content":{"rendered":"<section class=\"wpb-content-wrapper\"><p>[vc_row][vc_column][rev_slider_vc alias=&#8221;real-estate-sevices&#8221;]<div style=\"clear:both; width:100%; height:50px\"><\/div>[\/vc_column][\/vc_row][vc_row full_width=&#8221;stretch_row&#8221; content_placement=&#8221;middle&#8221; parallax=&#8221;content-moving&#8221;][vc_column width=&#8221;1\/2&#8243;][vc_empty_space height=&#8221;50px&#8221;][vc_column_text]<strong>Pre-Sales Services<\/strong><\/p>\n<ul>\n<li>Analysis of needs and desires<\/li>\n<li>Help in finding the property in the right place<\/li>\n<li>Real estate and financial consulting<\/li>\n<\/ul>\n<p>[\/vc_column_text][vc_empty_space height=&#8221;50px&#8221;][\/vc_column][vc_column width=&#8221;1\/2&#8243;][vc_empty_space height=&#8221;50px&#8221;][vc_single_image image=&#8221;4483&#8243; add_caption=&#8221;yes&#8221; alignment=&#8221;center&#8221; style=&#8221;vc_box_shadow_3d&#8221;][vc_empty_space height=&#8221;50px&#8221;][\/vc_column][\/vc_row][vc_row full_width=&#8221;stretch_row&#8221; content_placement=&#8221;middle&#8221; parallax=&#8221;content-moving&#8221; parallax_image=&#8221;4449&#8243;][vc_column width=&#8221;1\/2&#8243;][vc_empty_space height=&#8221;50px&#8221;][vc_single_image image=&#8221;4486&#8243; add_caption=&#8221;yes&#8221; alignment=&#8221;center&#8221; style=&#8221;vc_box_shadow_3d&#8221;][vc_empty_space height=&#8221;50px&#8221;][\/vc_column][vc_column width=&#8221;1\/2&#8243;][vc_empty_space height=&#8221;50px&#8221;][vc_column_text]<\/p>\n<p style=\"text-align: left;\"><b>Buying &amp; Selling Services<\/b><\/p>\n<ul>\n<li style=\"text-align: left;\">Obtaining official preliminary information about the real estate<\/li>\n<li style=\"text-align: left;\">Determination of purchase and sale expenses to be paid<\/li>\n<li style=\"text-align: left;\">Performing official transactions<\/li>\n<\/ul>\n<p>[\/vc_column_text][vc_empty_space height=&#8221;50px&#8221;][\/vc_column][\/vc_row][vc_row full_width=&#8221;stretch_row&#8221; content_placement=&#8221;middle&#8221; parallax=&#8221;content-moving&#8221;][vc_column width=&#8221;1\/2&#8243;][vc_empty_space height=&#8221;50px&#8221;][vc_column_text]<strong>After Sales Services<\/strong><\/p>\n<ul>\n<li>Electricity, water, telephone and internet subscriptions<\/li>\n<li>Solar energy, heat and electricity production<\/li>\n<li>Landscaping and gardening<\/li>\n<\/ul>\n<p>[\/vc_column_text][vc_empty_space height=&#8221;50px&#8221;][\/vc_column][vc_column width=&#8221;1\/2&#8243;][vc_empty_space height=&#8221;50px&#8221;][vc_single_image image=&#8221;4487&#8243; add_caption=&#8221;yes&#8221; alignment=&#8221;center&#8221; style=&#8221;vc_box_shadow_3d&#8221;][vc_empty_space height=&#8221;50px&#8221;][\/vc_column][\/vc_row][vc_row full_width=&#8221;stretch_row&#8221; content_placement=&#8221;middle&#8221; parallax=&#8221;content-moving&#8221; parallax_image=&#8221;4449&#8243;][vc_column width=&#8221;1\/2&#8243;][vc_empty_space height=&#8221;50px&#8221;][vc_single_image image=&#8221;4488&#8243; add_caption=&#8221;yes&#8221; alignment=&#8221;center&#8221; style=&#8221;vc_box_shadow_3d&#8221;][vc_empty_space height=&#8221;50px&#8221;][\/vc_column][vc_column width=&#8221;1\/2&#8243;][vc_empty_space height=&#8221;50px&#8221;][vc_column_text]<\/p>\n<p style=\"text-align: left;\"><strong>Information Services<\/strong><\/p>\n<ul>\n<li>Kindergarten, schools, PTT, banks, municipal<\/li>\n<li>Social activities, water sports, bicycle tours, nature walks<\/li>\n<li>Handmade crafts, organic farming<\/li>\n<li>The most beautiful coasts and beaches where you can enjoy the sea<\/li>\n<\/ul>\n<p>[\/vc_column_text][vc_empty_space height=&#8221;50px&#8221;][\/vc_column][\/vc_row]<\/p>\n<\/section>","protected":false},"excerpt":{"rendered":"<p>[vc_row][vc_column][rev_slider_vc alias=&#8221;real-estate-sevices&#8221;][\/vc_column][\/vc_row][vc_row full_width=&#8221;stretch_row&#8221; content_placement=&#8221;middle&#8221; parallax=&#8221;content-moving&#8221;][vc_column width=&#8221;1\/2&#8243;][vc_empty_space height=&#8221;50px&#8221;][vc_column_text]Pre-Sales Services Analysis of needs and desires Help in finding the property in the right place Real estate and financial consulting [\/vc_column_text][vc_empty_space height=&#8221;50px&#8221;][\/vc_column][vc_column width=&#8221;1\/2&#8243;][vc_empty_space height=&#8221;50px&#8221;][vc_single_image image=&#8221;4483&#8243; add_caption=&#8221;yes&#8221; alignment=&#8221;center&#8221; style=&#8221;vc_box_shadow_3d&#8221;][vc_empty_space height=&#8221;50px&#8221;][\/vc_column][\/vc_row][vc_row full_width=&#8221;stretch_row&#8221; content_placement=&#8221;middle&#8221; parallax=&#8221;content-moving&#8221; parallax_image=&#8221;4449&#8243;][vc_column width=&#8221;1\/2&#8243;][vc_empty_space height=&#8221;50px&#8221;][vc_single_image image=&#8221;4486&#8243; add_caption=&#8221;yes&#8221; alignment=&#8221;center&#8221; style=&#8221;vc_box_shadow_3d&#8221;][vc_empty_space height=&#8221;50px&#8221;][\/vc_column][vc_column width=&#8221;1\/2&#8243;][vc_empty_space height=&#8221;50px&#8221;][vc_column_text] Buying &amp; Selling Services Obtaining official [&hellip;]<\/p>\n","protected":false},"author":2,"featured_media":0,"parent":0,"menu_order":0,"comment_status":"closed","ping_status":"closed","template":"template\/template-homepage.php","meta":{"_exactmetrics_skip_tracking":false,"_exactmetrics_sitenote_active":false,"_exactmetrics_sitenote_note":"","_exactmetrics_sitenote_category":0,"footnotes":""},"class_list":["post-4411","page","type-page","status-publish","hentry"],"translation":{"provider":"WPGlobus","version":"3.0.1","language":"gb","enabled_languages":["tr","gb"],"languages":{"tr":{"title":true,"content":true,"excerpt":false},"gb":{"title":true,"content":true,"excerpt":false}}},"yoast_head":"<!-- This site is optimized with the Yoast SEO plugin v26.7 - https:\/\/yoast.com\/wordpress\/plugins\/seo\/ -->\n<title>Real Estate Services - Hakan&#039;s Real Estate<\/title>\n<meta name=\"robots\" content=\"index, follow, max-snippet:-1, max-image-preview:large, max-video-preview:-1\" \/>\n<link rel=\"canonical\" href=\"https:\/\/hakansemlak.com\/gayrimenkul-hizmetleri\/\" \/>\n<meta property=\"og:locale\" content=\"en_GB\" \/>\n<meta property=\"og:type\" content=\"article\" \/>\n<meta property=\"og:title\" content=\"Real Estate Services - Hakan&#039;s Real Estate\" \/>\n<meta property=\"og:url\" content=\"https:\/\/hakansemlak.com\/gayrimenkul-hizmetleri\/\" \/>\n<meta property=\"og:site_name\" content=\"Hakan&#039;s Real Estate\" \/>\n<meta property=\"article:publisher\" content=\"https:\/\/www.facebook.com\/hakansrealestate\/\" \/>\n<meta property=\"article:modified_time\" content=\"2018-01-30T09:46:34+00:00\" \/>\n<meta property=\"og:image\" content=\"https:\/\/hakansemlak.com\/wp-content\/uploads\/2017\/06\/logo_tr@3x.png\" \/>\n\t<meta property=\"og:image:width\" content=\"533\" \/>\n\t<meta property=\"og:image:height\" content=\"95\" \/>\n\t<meta property=\"og:image:type\" content=\"image\/png\" \/>\n<meta name=\"twitter:card\" content=\"summary_large_image\" \/>\n<meta name=\"twitter:label1\" content=\"Est. reading time\" \/>\n\t<meta name=\"twitter:data1\" content=\"4 minutes\" \/>\n<script type=\"application\/ld+json\" class=\"yoast-schema-graph\">{\"@context\":\"https:\/\/schema.org\",\"@graph\":[{\"@type\":\"WebPage\",\"@id\":\"https:\/\/hakansemlak.com\/gayrimenkul-hizmetleri\/\",\"url\":\"https:\/\/hakansemlak.com\/gayrimenkul-hizmetleri\/\",\"name\":\"Real Estate Services - Hakan&#039;s Real Estate\",\"isPartOf\":{\"@id\":\"https:\/\/hakansemlak.com\/#website\"},\"datePublished\":\"2017-08-09T11:25:45+00:00\",\"dateModified\":\"2018-01-30T09:46:34+00:00\",\"description\":\"Koycegiz Emlak Gayrimenkul Hizmetleri, Sat\u0131\u015f \u00d6ncesi Hizmetler, \u0130htiya\u00e7 ve isteklerin analizi Do\u011fru yerde, do\u011fru gayrimenkul se\u00e7imi, gayrimenkul ile ilgili resmi mevzuat ve mali dan\u0131\u015fmanl\u0131k\",\"breadcrumb\":{\"@id\":\"https:\/\/hakansemlak.com\/gayrimenkul-hizmetleri\/#breadcrumb\"},\"inLanguage\":\"en-GB\",\"potentialAction\":[{\"@type\":\"ReadAction\",\"target\":[\"https:\/\/hakansemlak.com\/gayrimenkul-hizmetleri\/\"]}]},{\"@type\":\"BreadcrumbList\",\"@id\":\"https:\/\/hakansemlak.com\/gayrimenkul-hizmetleri\/#breadcrumb\",\"itemListElement\":[{\"@type\":\"ListItem\",\"position\":1,\"name\":\"Ana sayfa\",\"item\":\"https:\/\/hakansemlak.com\/\"},{\"@type\":\"ListItem\",\"position\":2,\"name\":\"Gayrimenkul Hizmetleri\"}]},{\"@type\":\"WebSite\",\"@id\":\"https:\/\/hakansemlak.com\/#website\",\"url\":\"https:\/\/hakansemlak.com\/\",\"name\":\"Hakans Emlak\",\"description\":\"Hakan&#039;s Real Estate\",\"publisher\":{\"@id\":\"https:\/\/hakansemlak.com\/#organization\"},\"potentialAction\":[{\"@type\":\"SearchAction\",\"target\":{\"@type\":\"EntryPoint\",\"urlTemplate\":\"https:\/\/hakansemlak.com\/?s={search_term_string}\"},\"query-input\":{\"@type\":\"PropertyValueSpecification\",\"valueRequired\":true,\"valueName\":\"search_term_string\"}}],\"inLanguage\":\"en-GB\"},{\"@type\":\"Organization\",\"@id\":\"https:\/\/hakansemlak.com\/#organization\",\"name\":\"Hakan's Emlak\",\"url\":\"https:\/\/hakansemlak.com\/\",\"logo\":{\"@type\":\"ImageObject\",\"inLanguage\":\"en-GB\",\"@id\":\"https:\/\/hakansemlak.com\/#\/schema\/logo\/image\/\",\"url\":\"https:\/\/hakansemlak.com\/wp-content\/uploads\/2017\/06\/logo_tr@3x.png\",\"contentUrl\":\"https:\/\/hakansemlak.com\/wp-content\/uploads\/2017\/06\/logo_tr@3x.png\",\"width\":533,\"height\":95,\"caption\":\"Hakan's Emlak\"},\"image\":{\"@id\":\"https:\/\/hakansemlak.com\/#\/schema\/logo\/image\/\"},\"sameAs\":[\"https:\/\/www.facebook.com\/hakansrealestate\/\",\"https:\/\/www.linkedin.com\/company\/27155603\/\",\"http:\/\/www.pinterest.com\/hakansemlak\",\"https:\/\/www.youtube.com\/user\/ialkaya\/\"]}]}<\/script>\n<!-- \/ Yoast SEO plugin. -->","yoast_head_json":{"title":"Real Estate Services - Hakan&#039;s Real Estate","robots":{"index":"index","follow":"follow","max-snippet":"max-snippet:-1","max-image-preview":"max-image-preview:large","max-video-preview":"max-video-preview:-1"},"canonical":"https:\/\/hakansemlak.com\/gayrimenkul-hizmetleri\/","og_locale":"en_GB","og_type":"article","og_title":"Real Estate Services - Hakan&#039;s Real Estate","og_url":"https:\/\/hakansemlak.com\/gayrimenkul-hizmetleri\/","og_site_name":"Hakan&#039;s Real Estate","article_publisher":"https:\/\/www.facebook.com\/hakansrealestate\/","article_modified_time":"2018-01-30T09:46:34+00:00","og_image":[{"width":533,"height":95,"url":"https:\/\/hakansemlak.com\/wp-content\/uploads\/2017\/06\/logo_tr@3x.png","type":"image\/png"}],"twitter_card":"summary_large_image","twitter_misc":{"Est. reading time":"4 minutes"},"schema":{"@context":"https:\/\/schema.org","@graph":[{"@type":"WebPage","@id":"https:\/\/hakansemlak.com\/gayrimenkul-hizmetleri\/","url":"https:\/\/hakansemlak.com\/gayrimenkul-hizmetleri\/","name":"Real Estate Services - Hakan&#039;s Real Estate","isPartOf":{"@id":"https:\/\/hakansemlak.com\/#website"},"datePublished":"2017-08-09T11:25:45+00:00","dateModified":"2018-01-30T09:46:34+00:00","description":"Koycegiz Emlak Gayrimenkul Hizmetleri, Sat\u0131\u015f \u00d6ncesi Hizmetler, \u0130htiya\u00e7 ve isteklerin analizi Do\u011fru yerde, do\u011fru gayrimenkul se\u00e7imi, gayrimenkul ile ilgili resmi mevzuat ve mali dan\u0131\u015fmanl\u0131k","breadcrumb":{"@id":"https:\/\/hakansemlak.com\/gayrimenkul-hizmetleri\/#breadcrumb"},"inLanguage":"en-GB","potentialAction":[{"@type":"ReadAction","target":["https:\/\/hakansemlak.com\/gayrimenkul-hizmetleri\/"]}]},{"@type":"BreadcrumbList","@id":"https:\/\/hakansemlak.com\/gayrimenkul-hizmetleri\/#breadcrumb","itemListElement":[{"@type":"ListItem","position":1,"name":"Ana sayfa","item":"https:\/\/hakansemlak.com\/"},{"@type":"ListItem","position":2,"name":"Gayrimenkul Hizmetleri"}]},{"@type":"WebSite","@id":"https:\/\/hakansemlak.com\/#website","url":"https:\/\/hakansemlak.com\/","name":"Hakans Emlak","description":"Hakan&#039;s Real Estate","publisher":{"@id":"https:\/\/hakansemlak.com\/#organization"},"potentialAction":[{"@type":"SearchAction","target":{"@type":"EntryPoint","urlTemplate":"https:\/\/hakansemlak.com\/?s={search_term_string}"},"query-input":{"@type":"PropertyValueSpecification","valueRequired":true,"valueName":"search_term_string"}}],"inLanguage":"en-GB"},{"@type":"Organization","@id":"https:\/\/hakansemlak.com\/#organization","name":"Hakan's Emlak","url":"https:\/\/hakansemlak.com\/","logo":{"@type":"ImageObject","inLanguage":"en-GB","@id":"https:\/\/hakansemlak.com\/#\/schema\/logo\/image\/","url":"https:\/\/hakansemlak.com\/wp-content\/uploads\/2017\/06\/logo_tr@3x.png","contentUrl":"https:\/\/hakansemlak.com\/wp-content\/uploads\/2017\/06\/logo_tr@3x.png","width":533,"height":95,"caption":"Hakan's Emlak"},"image":{"@id":"https:\/\/hakansemlak.com\/#\/schema\/logo\/image\/"},"sameAs":["https:\/\/www.facebook.com\/hakansrealestate\/","https:\/\/www.linkedin.com\/company\/27155603\/","http:\/\/www.pinterest.com\/hakansemlak","https:\/\/www.youtube.com\/user\/ialkaya\/"]}]}},"_links":{"self":[{"href":"https:\/\/hakansemlak.com\/gb\/wp-json\/wp\/v2\/pages\/4411","targetHints":{"allow":["GET"]}}],"collection":[{"href":"https:\/\/hakansemlak.com\/gb\/wp-json\/wp\/v2\/pages"}],"about":[{"href":"https:\/\/hakansemlak.com\/gb\/wp-json\/wp\/v2\/types\/page"}],"author":[{"embeddable":true,"href":"https:\/\/hakansemlak.com\/gb\/wp-json\/wp\/v2\/users\/2"}],"replies":[{"embeddable":true,"href":"https:\/\/hakansemlak.com\/gb\/wp-json\/wp\/v2\/comments?post=4411"}],"version-history":[{"count":0,"href":"https:\/\/hakansemlak.com\/gb\/wp-json\/wp\/v2\/pages\/4411\/revisions"}],"wp:attachment":[{"href":"https:\/\/hakansemlak.com\/gb\/wp-json\/wp\/v2\/media?parent=4411"}],"curies":[{"name":"wp","href":"https:\/\/api.w.org\/{rel}","templated":true}]}}