{"id":3866,"date":"2017-06-26T14:27:01","date_gmt":"2017-06-26T11:27:01","guid":{"rendered":"http:\/\/emlak.alkaya.org\/?page_id=3866"},"modified":"2018-05-29T17:55:37","modified_gmt":"2018-05-29T14:55:37","slug":"projeler","status":"publish","type":"page","link":"https:\/\/hakansemlak.com\/gb\/projeler\/","title":{"rendered":"Projects"},"content":{"rendered":"<section class=\"wpb-content-wrapper\"><p>[vc_row][vc_column][text_with_icons style=&#8221;style_one&#8221; columns=&#8221;three_columns&#8221;][text_with_icon icon_type=&#8221;custom_icon&#8221; custom_icon=&#8221;3939&#8243; title=&#8221;Restoration&#8221; text=&#8221;Whether it&#8217;s a historic site or an old house. Restoration is our job.&#8221; read_more_text=&#8221;Read more &#8230;&#8221; read_more_link=&#8221;&#8221;][text_with_icon icon_type=&#8221;custom_icon&#8221; custom_icon=&#8221;3946&#8243; title=&#8221;Nature Home&#8221; text=&#8221;Houses that do not struggle with nature, living together in harmony with nature.&#8221; read_more_text=&#8221;Read more &#8230;&#8221; read_more_link=&#8221;&#8221;][text_with_icon icon_type=&#8221;custom_icon&#8221; custom_icon=&#8221;3936&#8243; title=&#8221;Private Construction&#8221; text=&#8221;Projects that can meet all the needs of modern life.<br \/>\n.&#8221; read_more_text=&#8221;Read more &#8230;&#8221; read_more_link=&#8221;&#8221;][\/text_with_icons][\/vc_column][\/vc_row]<\/p>\n<\/section>","protected":false},"excerpt":{"rendered":"<p>[vc_row][vc_column][text_with_icons style=&#8221;style_one&#8221; columns=&#8221;three_columns&#8221;][text_with_icon icon_type=&#8221;custom_icon&#8221; custom_icon=&#8221;3939&#8243; title=&#8221;Restoration&#8221; text=&#8221;Whether it&#8217;s a historic site or an old house. Restoration is our job.&#8221; read_more_text=&#8221;Read more &#8230;&#8221; read_more_link=&#8221;&#8221;][text_with_icon icon_type=&#8221;custom_icon&#8221; custom_icon=&#8221;3946&#8243; title=&#8221;Nature Home&#8221; text=&#8221;Houses that do not struggle with nature, living together in harmony with nature.&#8221; read_more_text=&#8221;Read more &#8230;&#8221; read_more_link=&#8221;&#8221;][text_with_icon icon_type=&#8221;custom_icon&#8221; custom_icon=&#8221;3936&#8243; title=&#8221;Private Construction&#8221; text=&#8221;Projects that can meet all the needs [&hellip;]<\/p>\n","protected":false},"author":2,"featured_media":0,"parent":0,"menu_order":0,"comment_status":"closed","ping_status":"closed","template":"template\/template-homepage.php","meta":{"_exactmetrics_skip_tracking":false,"_exactmetrics_sitenote_active":false,"_exactmetrics_sitenote_note":"","_exactmetrics_sitenote_category":0,"footnotes":""},"class_list":["post-3866","page","type-page","status-publish","hentry"],"translation":{"provider":"WPGlobus","version":"3.0.1","language":"gb","enabled_languages":["tr","gb"],"languages":{"tr":{"title":true,"content":true,"excerpt":false},"gb":{"title":true,"content":true,"excerpt":false}}},"yoast_head":"<!-- This site is optimized with the Yoast SEO plugin v26.7 - https:\/\/yoast.com\/wordpress\/plugins\/seo\/ -->\n<title>Projects - Hakan&#039;s Real Estate<\/title>\n<meta name=\"robots\" content=\"index, follow, max-snippet:-1, max-image-preview:large, max-video-preview:-1\" \/>\n<link rel=\"canonical\" href=\"https:\/\/hakansemlak.com\/projeler\/\" \/>\n<meta property=\"og:locale\" content=\"en_GB\" \/>\n<meta property=\"og:type\" content=\"article\" \/>\n<meta property=\"og:title\" content=\"Projects - Hakan&#039;s Real Estate\" \/>\n<meta property=\"og:url\" content=\"https:\/\/hakansemlak.com\/projeler\/\" \/>\n<meta property=\"og:site_name\" content=\"Hakan&#039;s Real Estate\" \/>\n<meta property=\"article:publisher\" content=\"https:\/\/www.facebook.com\/hakansrealestate\/\" \/>\n<meta property=\"article:modified_time\" content=\"2018-05-29T14:55:37+00:00\" \/>\n<meta property=\"og:image\" content=\"https:\/\/hakansemlak.com\/wp-content\/uploads\/2017\/06\/logo_tr@3x.png\" \/>\n\t<meta property=\"og:image:width\" content=\"533\" \/>\n\t<meta property=\"og:image:height\" content=\"95\" \/>\n\t<meta property=\"og:image:type\" content=\"image\/png\" \/>\n<meta name=\"twitter:card\" content=\"summary_large_image\" \/>\n<meta name=\"twitter:label1\" content=\"Est. reading time\" \/>\n\t<meta name=\"twitter:data1\" content=\"1 minute\" \/>\n<script type=\"application\/ld+json\" class=\"yoast-schema-graph\">{\"@context\":\"https:\/\/schema.org\",\"@graph\":[{\"@type\":\"WebPage\",\"@id\":\"https:\/\/hakansemlak.com\/projeler\/\",\"url\":\"https:\/\/hakansemlak.com\/projeler\/\",\"name\":\"Projects - Hakan&#039;s Real Estate\",\"isPartOf\":{\"@id\":\"https:\/\/hakansemlak.com\/#website\"},\"datePublished\":\"2017-06-26T11:27:01+00:00\",\"dateModified\":\"2018-05-29T14:55:37+00:00\",\"description\":\"K\u00f6yce\u011fiz'de, ister tarihi sit alan\u0131 olsun, ister eski bir eviniz olsun. Restorasyon bizim i\u015fimiz. Do\u011fayla m\u00fccadele etmeyen, do\u011fayla b\u00fct\u00fcnle\u015ferek birlikte ya\u015fayan evler. Modern ya\u015fam\u0131n t\u00fcm gereksinimlerine cevap verebilen projeler. PROJELER.\",\"breadcrumb\":{\"@id\":\"https:\/\/hakansemlak.com\/projeler\/#breadcrumb\"},\"inLanguage\":\"en-GB\",\"potentialAction\":[{\"@type\":\"ReadAction\",\"target\":[\"https:\/\/hakansemlak.com\/projeler\/\"]}]},{\"@type\":\"BreadcrumbList\",\"@id\":\"https:\/\/hakansemlak.com\/projeler\/#breadcrumb\",\"itemListElement\":[{\"@type\":\"ListItem\",\"position\":1,\"name\":\"Ana sayfa\",\"item\":\"https:\/\/hakansemlak.com\/\"},{\"@type\":\"ListItem\",\"position\":2,\"name\":\"PROJELER\"}]},{\"@type\":\"WebSite\",\"@id\":\"https:\/\/hakansemlak.com\/#website\",\"url\":\"https:\/\/hakansemlak.com\/\",\"name\":\"Hakans Emlak\",\"description\":\"Hakan&#039;s Real Estate\",\"publisher\":{\"@id\":\"https:\/\/hakansemlak.com\/#organization\"},\"potentialAction\":[{\"@type\":\"SearchAction\",\"target\":{\"@type\":\"EntryPoint\",\"urlTemplate\":\"https:\/\/hakansemlak.com\/?s={search_term_string}\"},\"query-input\":{\"@type\":\"PropertyValueSpecification\",\"valueRequired\":true,\"valueName\":\"search_term_string\"}}],\"inLanguage\":\"en-GB\"},{\"@type\":\"Organization\",\"@id\":\"https:\/\/hakansemlak.com\/#organization\",\"name\":\"Hakan's Emlak\",\"url\":\"https:\/\/hakansemlak.com\/\",\"logo\":{\"@type\":\"ImageObject\",\"inLanguage\":\"en-GB\",\"@id\":\"https:\/\/hakansemlak.com\/#\/schema\/logo\/image\/\",\"url\":\"https:\/\/hakansemlak.com\/wp-content\/uploads\/2017\/06\/logo_tr@3x.png\",\"contentUrl\":\"https:\/\/hakansemlak.com\/wp-content\/uploads\/2017\/06\/logo_tr@3x.png\",\"width\":533,\"height\":95,\"caption\":\"Hakan's Emlak\"},\"image\":{\"@id\":\"https:\/\/hakansemlak.com\/#\/schema\/logo\/image\/\"},\"sameAs\":[\"https:\/\/www.facebook.com\/hakansrealestate\/\",\"https:\/\/www.linkedin.com\/company\/27155603\/\",\"http:\/\/www.pinterest.com\/hakansemlak\",\"https:\/\/www.youtube.com\/user\/ialkaya\/\"]}]}<\/script>\n<!-- \/ Yoast SEO plugin. -->","yoast_head_json":{"title":"Projects - Hakan&#039;s Real Estate","robots":{"index":"index","follow":"follow","max-snippet":"max-snippet:-1","max-image-preview":"max-image-preview:large","max-video-preview":"max-video-preview:-1"},"canonical":"https:\/\/hakansemlak.com\/projeler\/","og_locale":"en_GB","og_type":"article","og_title":"Projects - Hakan&#039;s Real Estate","og_url":"https:\/\/hakansemlak.com\/projeler\/","og_site_name":"Hakan&#039;s Real Estate","article_publisher":"https:\/\/www.facebook.com\/hakansrealestate\/","article_modified_time":"2018-05-29T14:55:37+00:00","og_image":[{"width":533,"height":95,"url":"https:\/\/hakansemlak.com\/wp-content\/uploads\/2017\/06\/logo_tr@3x.png","type":"image\/png"}],"twitter_card":"summary_large_image","twitter_misc":{"Est. reading time":"1 minute"},"schema":{"@context":"https:\/\/schema.org","@graph":[{"@type":"WebPage","@id":"https:\/\/hakansemlak.com\/projeler\/","url":"https:\/\/hakansemlak.com\/projeler\/","name":"Projects - Hakan&#039;s Real Estate","isPartOf":{"@id":"https:\/\/hakansemlak.com\/#website"},"datePublished":"2017-06-26T11:27:01+00:00","dateModified":"2018-05-29T14:55:37+00:00","description":"K\u00f6yce\u011fiz'de, ister tarihi sit alan\u0131 olsun, ister eski bir eviniz olsun. Restorasyon bizim i\u015fimiz. Do\u011fayla m\u00fccadele etmeyen, do\u011fayla b\u00fct\u00fcnle\u015ferek birlikte ya\u015fayan evler. Modern ya\u015fam\u0131n t\u00fcm gereksinimlerine cevap verebilen projeler. PROJELER.","breadcrumb":{"@id":"https:\/\/hakansemlak.com\/projeler\/#breadcrumb"},"inLanguage":"en-GB","potentialAction":[{"@type":"ReadAction","target":["https:\/\/hakansemlak.com\/projeler\/"]}]},{"@type":"BreadcrumbList","@id":"https:\/\/hakansemlak.com\/projeler\/#breadcrumb","itemListElement":[{"@type":"ListItem","position":1,"name":"Ana sayfa","item":"https:\/\/hakansemlak.com\/"},{"@type":"ListItem","position":2,"name":"PROJELER"}]},{"@type":"WebSite","@id":"https:\/\/hakansemlak.com\/#website","url":"https:\/\/hakansemlak.com\/","name":"Hakans Emlak","description":"Hakan&#039;s Real Estate","publisher":{"@id":"https:\/\/hakansemlak.com\/#organization"},"potentialAction":[{"@type":"SearchAction","target":{"@type":"EntryPoint","urlTemplate":"https:\/\/hakansemlak.com\/?s={search_term_string}"},"query-input":{"@type":"PropertyValueSpecification","valueRequired":true,"valueName":"search_term_string"}}],"inLanguage":"en-GB"},{"@type":"Organization","@id":"https:\/\/hakansemlak.com\/#organization","name":"Hakan's Emlak","url":"https:\/\/hakansemlak.com\/","logo":{"@type":"ImageObject","inLanguage":"en-GB","@id":"https:\/\/hakansemlak.com\/#\/schema\/logo\/image\/","url":"https:\/\/hakansemlak.com\/wp-content\/uploads\/2017\/06\/logo_tr@3x.png","contentUrl":"https:\/\/hakansemlak.com\/wp-content\/uploads\/2017\/06\/logo_tr@3x.png","width":533,"height":95,"caption":"Hakan's Emlak"},"image":{"@id":"https:\/\/hakansemlak.com\/#\/schema\/logo\/image\/"},"sameAs":["https:\/\/www.facebook.com\/hakansrealestate\/","https:\/\/www.linkedin.com\/company\/27155603\/","http:\/\/www.pinterest.com\/hakansemlak","https:\/\/www.youtube.com\/user\/ialkaya\/"]}]}},"_links":{"self":[{"href":"https:\/\/hakansemlak.com\/gb\/wp-json\/wp\/v2\/pages\/3866","targetHints":{"allow":["GET"]}}],"collection":[{"href":"https:\/\/hakansemlak.com\/gb\/wp-json\/wp\/v2\/pages"}],"about":[{"href":"https:\/\/hakansemlak.com\/gb\/wp-json\/wp\/v2\/types\/page"}],"author":[{"embeddable":true,"href":"https:\/\/hakansemlak.com\/gb\/wp-json\/wp\/v2\/users\/2"}],"replies":[{"embeddable":true,"href":"https:\/\/hakansemlak.com\/gb\/wp-json\/wp\/v2\/comments?post=3866"}],"version-history":[{"count":0,"href":"https:\/\/hakansemlak.com\/gb\/wp-json\/wp\/v2\/pages\/3866\/revisions"}],"wp:attachment":[{"href":"https:\/\/hakansemlak.com\/gb\/wp-json\/wp\/v2\/media?parent=3866"}],"curies":[{"name":"wp","href":"https:\/\/api.w.org\/{rel}","templated":true}]}}