{"id":3783,"date":"2017-06-24T16:26:48","date_gmt":"2017-06-24T13:26:48","guid":{"rendered":"http:\/\/emlak.alkaya.org\/?page_id=3783"},"modified":"2018-08-20T10:14:19","modified_gmt":"2018-08-20T07:14:19","slug":"hizmetler","status":"publish","type":"page","link":"https:\/\/hakansemlak.com\/gb\/hizmetler\/","title":{"rendered":"SERVICES"},"content":{"rendered":"<section class=\"wpb-content-wrapper\"><p>[\/vc_column_text][\/vc_column][\/vc_row][vc_row][vc_column][text_with_icons style=&#8221;style_one&#8221; columns=&#8221;four_columns&#8221;][text_with_icon icon_type=&#8221;custom_icon&#8221; custom_icon=&#8221;3842&#8243; title=&#8221;Real Estate Services&#8221; text=&#8221;We focus on long-term results with all our customers and offer pre-sales and after-sales services in this regard&#8221; read_more_text=&#8221;Read more &#8230;&#8221; read_more_link=&#8221;http:\/\/emlak.alkaya.org\/gb\/gayrimenkul-hizmetleri\/&#8221;][text_with_icon icon_type=&#8221;custom_icon&#8221; custom_icon=&#8221;3848&#8243; title=&#8221;VIP Services&#8221; text=&#8221;We are taking our guests from the airport and offer from the first moment our privileges.<br \/>\n.&#8221; read_more_text=&#8221;Read more &#8230;&#8221; read_more_link=&#8221;http:\/\/emlak.alkaya.org\/gb\/vip-hizmetleri\/&#8221;][text_with_icon icon_type=&#8221;custom_icon&#8221; custom_icon=&#8221;3834&#8243; title=&#8221;Legal Translation&#8221; text=&#8221;Official documents and simultaneous translation services. Passport, ID card, driver&#8217;s license &#8230;&#8221; read_more_text=&#8221;Read more&#8221; read_more_link=&#8221;http:\/\/emlak.alkaya.org\/gb\/tercumanlik-hizmetleri\/&#8221;][\/text_with_icons][\/vc_column][\/vc_row][vc_row][vc_column][vc_column_text]<\/p>\n<\/section>","protected":false},"excerpt":{"rendered":"<p>[\/vc_column_text][\/vc_column][\/vc_row][vc_row][vc_column][text_with_icons style=&#8221;style_one&#8221; columns=&#8221;four_columns&#8221;][text_with_icon icon_type=&#8221;custom_icon&#8221; custom_icon=&#8221;3842&#8243; title=&#8221;Real Estate Services&#8221; text=&#8221;We focus on long-term results with all our customers and offer pre-sales and after-sales services in this regard&#8221; read_more_text=&#8221;Read more &#8230;&#8221; read_more_link=&#8221;http:\/\/emlak.alkaya.org\/gb\/gayrimenkul-hizmetleri\/&#8221;][text_with_icon icon_type=&#8221;custom_icon&#8221; custom_icon=&#8221;3848&#8243; title=&#8221;VIP Services&#8221; text=&#8221;We are taking our guests from the airport and offer from the first moment our privileges. .&#8221; read_more_text=&#8221;Read more &#8230;&#8221; read_more_link=&#8221;http:\/\/emlak.alkaya.org\/gb\/vip-hizmetleri\/&#8221;][text_with_icon [&hellip;]<\/p>\n","protected":false},"author":2,"featured_media":0,"parent":0,"menu_order":0,"comment_status":"closed","ping_status":"closed","template":"template\/template-homepage.php","meta":{"_exactmetrics_skip_tracking":false,"_exactmetrics_sitenote_active":false,"_exactmetrics_sitenote_note":"","_exactmetrics_sitenote_category":0,"footnotes":""},"class_list":["post-3783","page","type-page","status-publish","hentry"],"translation":{"provider":"WPGlobus","version":"3.0.1","language":"gb","enabled_languages":["tr","gb"],"languages":{"tr":{"title":true,"content":true,"excerpt":false},"gb":{"title":true,"content":true,"excerpt":false}}},"yoast_head":"<!-- This site is optimized with the Yoast SEO plugin v26.7 - https:\/\/yoast.com\/wordpress\/plugins\/seo\/ -->\n<title>SERVICES - Hakan&#039;s Real Estate<\/title>\n<meta name=\"robots\" content=\"index, follow, max-snippet:-1, max-image-preview:large, max-video-preview:-1\" \/>\n<link rel=\"canonical\" href=\"https:\/\/hakansemlak.com\/gb\/hizmetler\/\" \/>\n<meta property=\"og:locale\" content=\"en_GB\" \/>\n<meta property=\"og:type\" content=\"article\" \/>\n<meta property=\"og:title\" content=\"SERVICES - Hakan&#039;s Real Estate\" \/>\n<meta property=\"og:url\" content=\"https:\/\/hakansemlak.com\/gb\/hizmetler\/\" \/>\n<meta property=\"og:site_name\" content=\"Hakan&#039;s Real Estate\" \/>\n<meta property=\"article:publisher\" content=\"https:\/\/www.facebook.com\/hakansrealestate\/\" \/>\n<meta property=\"article:modified_time\" content=\"2018-08-20T07:14:19+00:00\" \/>\n<meta property=\"og:image\" content=\"https:\/\/hakansemlak.com\/wp-content\/uploads\/2017\/06\/logo_tr@3x.png\" \/>\n\t<meta property=\"og:image:width\" content=\"533\" \/>\n\t<meta property=\"og:image:height\" content=\"95\" \/>\n\t<meta property=\"og:image:type\" content=\"image\/png\" \/>\n<meta name=\"twitter:card\" content=\"summary_large_image\" \/>\n<meta name=\"twitter:label1\" content=\"Est. reading time\" \/>\n\t<meta name=\"twitter:data1\" content=\"2 minutes\" \/>\n<script type=\"application\/ld+json\" class=\"yoast-schema-graph\">{\"@context\":\"https:\/\/schema.org\",\"@graph\":[{\"@type\":\"WebPage\",\"@id\":\"https:\/\/hakansemlak.com\/gb\/hizmetler\/\",\"url\":\"https:\/\/hakansemlak.com\/gb\/hizmetler\/\",\"name\":\"SERVICES - Hakan&#039;s Real Estate\",\"isPartOf\":{\"@id\":\"https:\/\/hakansemlak.com\/#website\"},\"datePublished\":\"2017-06-24T13:26:48+00:00\",\"dateModified\":\"2018-08-20T07:14:19+00:00\",\"description\":\"Hizmetler, k\u00f6yce\u011fizde emlak al\u0131m sat\u0131m hizmetleri, profesyonel dan\u0131\u015fmanl\u0131k, ev sat\u0131n al\u0131rken sat\u0131\u015f \u00f6ncesi ve sonras\u0131 hizmetlerimizle yan\u0131n\u0131zday\u0131z.\",\"breadcrumb\":{\"@id\":\"https:\/\/hakansemlak.com\/gb\/hizmetler\/#breadcrumb\"},\"inLanguage\":\"en-GB\",\"potentialAction\":[{\"@type\":\"ReadAction\",\"target\":[\"https:\/\/hakansemlak.com\/gb\/hizmetler\/\"]}]},{\"@type\":\"BreadcrumbList\",\"@id\":\"https:\/\/hakansemlak.com\/gb\/hizmetler\/#breadcrumb\",\"itemListElement\":[{\"@type\":\"ListItem\",\"position\":1,\"name\":\"Ana sayfa\",\"item\":\"https:\/\/hakansemlak.com\/\"},{\"@type\":\"ListItem\",\"position\":2,\"name\":\"SERVICES\"}]},{\"@type\":\"WebSite\",\"@id\":\"https:\/\/hakansemlak.com\/#website\",\"url\":\"https:\/\/hakansemlak.com\/\",\"name\":\"Hakans Emlak\",\"description\":\"Hakan&#039;s Real Estate\",\"publisher\":{\"@id\":\"https:\/\/hakansemlak.com\/#organization\"},\"potentialAction\":[{\"@type\":\"SearchAction\",\"target\":{\"@type\":\"EntryPoint\",\"urlTemplate\":\"https:\/\/hakansemlak.com\/?s={search_term_string}\"},\"query-input\":{\"@type\":\"PropertyValueSpecification\",\"valueRequired\":true,\"valueName\":\"search_term_string\"}}],\"inLanguage\":\"en-GB\"},{\"@type\":\"Organization\",\"@id\":\"https:\/\/hakansemlak.com\/#organization\",\"name\":\"Hakan's Emlak\",\"url\":\"https:\/\/hakansemlak.com\/\",\"logo\":{\"@type\":\"ImageObject\",\"inLanguage\":\"en-GB\",\"@id\":\"https:\/\/hakansemlak.com\/#\/schema\/logo\/image\/\",\"url\":\"https:\/\/hakansemlak.com\/wp-content\/uploads\/2017\/06\/logo_tr@3x.png\",\"contentUrl\":\"https:\/\/hakansemlak.com\/wp-content\/uploads\/2017\/06\/logo_tr@3x.png\",\"width\":533,\"height\":95,\"caption\":\"Hakan's Emlak\"},\"image\":{\"@id\":\"https:\/\/hakansemlak.com\/#\/schema\/logo\/image\/\"},\"sameAs\":[\"https:\/\/www.facebook.com\/hakansrealestate\/\",\"https:\/\/www.linkedin.com\/company\/27155603\/\",\"http:\/\/www.pinterest.com\/hakansemlak\",\"https:\/\/www.youtube.com\/user\/ialkaya\/\"]}]}<\/script>\n<!-- \/ Yoast SEO plugin. -->","yoast_head_json":{"title":"SERVICES - Hakan&#039;s Real Estate","robots":{"index":"index","follow":"follow","max-snippet":"max-snippet:-1","max-image-preview":"max-image-preview:large","max-video-preview":"max-video-preview:-1"},"canonical":"https:\/\/hakansemlak.com\/gb\/hizmetler\/","og_locale":"en_GB","og_type":"article","og_title":"SERVICES - Hakan&#039;s Real Estate","og_url":"https:\/\/hakansemlak.com\/gb\/hizmetler\/","og_site_name":"Hakan&#039;s Real Estate","article_publisher":"https:\/\/www.facebook.com\/hakansrealestate\/","article_modified_time":"2018-08-20T07:14:19+00:00","og_image":[{"width":533,"height":95,"url":"https:\/\/hakansemlak.com\/wp-content\/uploads\/2017\/06\/logo_tr@3x.png","type":"image\/png"}],"twitter_card":"summary_large_image","twitter_misc":{"Est. reading time":"2 minutes"},"schema":{"@context":"https:\/\/schema.org","@graph":[{"@type":"WebPage","@id":"https:\/\/hakansemlak.com\/gb\/hizmetler\/","url":"https:\/\/hakansemlak.com\/gb\/hizmetler\/","name":"SERVICES - Hakan&#039;s Real Estate","isPartOf":{"@id":"https:\/\/hakansemlak.com\/#website"},"datePublished":"2017-06-24T13:26:48+00:00","dateModified":"2018-08-20T07:14:19+00:00","description":"Hizmetler, k\u00f6yce\u011fizde emlak al\u0131m sat\u0131m hizmetleri, profesyonel dan\u0131\u015fmanl\u0131k, ev sat\u0131n al\u0131rken sat\u0131\u015f \u00f6ncesi ve sonras\u0131 hizmetlerimizle yan\u0131n\u0131zday\u0131z.","breadcrumb":{"@id":"https:\/\/hakansemlak.com\/gb\/hizmetler\/#breadcrumb"},"inLanguage":"en-GB","potentialAction":[{"@type":"ReadAction","target":["https:\/\/hakansemlak.com\/gb\/hizmetler\/"]}]},{"@type":"BreadcrumbList","@id":"https:\/\/hakansemlak.com\/gb\/hizmetler\/#breadcrumb","itemListElement":[{"@type":"ListItem","position":1,"name":"Ana sayfa","item":"https:\/\/hakansemlak.com\/"},{"@type":"ListItem","position":2,"name":"SERVICES"}]},{"@type":"WebSite","@id":"https:\/\/hakansemlak.com\/#website","url":"https:\/\/hakansemlak.com\/","name":"Hakans Emlak","description":"Hakan&#039;s Real Estate","publisher":{"@id":"https:\/\/hakansemlak.com\/#organization"},"potentialAction":[{"@type":"SearchAction","target":{"@type":"EntryPoint","urlTemplate":"https:\/\/hakansemlak.com\/?s={search_term_string}"},"query-input":{"@type":"PropertyValueSpecification","valueRequired":true,"valueName":"search_term_string"}}],"inLanguage":"en-GB"},{"@type":"Organization","@id":"https:\/\/hakansemlak.com\/#organization","name":"Hakan's Emlak","url":"https:\/\/hakansemlak.com\/","logo":{"@type":"ImageObject","inLanguage":"en-GB","@id":"https:\/\/hakansemlak.com\/#\/schema\/logo\/image\/","url":"https:\/\/hakansemlak.com\/wp-content\/uploads\/2017\/06\/logo_tr@3x.png","contentUrl":"https:\/\/hakansemlak.com\/wp-content\/uploads\/2017\/06\/logo_tr@3x.png","width":533,"height":95,"caption":"Hakan's Emlak"},"image":{"@id":"https:\/\/hakansemlak.com\/#\/schema\/logo\/image\/"},"sameAs":["https:\/\/www.facebook.com\/hakansrealestate\/","https:\/\/www.linkedin.com\/company\/27155603\/","http:\/\/www.pinterest.com\/hakansemlak","https:\/\/www.youtube.com\/user\/ialkaya\/"]}]}},"_links":{"self":[{"href":"https:\/\/hakansemlak.com\/gb\/wp-json\/wp\/v2\/pages\/3783","targetHints":{"allow":["GET"]}}],"collection":[{"href":"https:\/\/hakansemlak.com\/gb\/wp-json\/wp\/v2\/pages"}],"about":[{"href":"https:\/\/hakansemlak.com\/gb\/wp-json\/wp\/v2\/types\/page"}],"author":[{"embeddable":true,"href":"https:\/\/hakansemlak.com\/gb\/wp-json\/wp\/v2\/users\/2"}],"replies":[{"embeddable":true,"href":"https:\/\/hakansemlak.com\/gb\/wp-json\/wp\/v2\/comments?post=3783"}],"version-history":[{"count":0,"href":"https:\/\/hakansemlak.com\/gb\/wp-json\/wp\/v2\/pages\/3783\/revisions"}],"wp:attachment":[{"href":"https:\/\/hakansemlak.com\/gb\/wp-json\/wp\/v2\/media?parent=3783"}],"curies":[{"name":"wp","href":"https:\/\/api.w.org\/{rel}","templated":true}]}}