{"id":1100,"date":"2016-03-16T19:50:28","date_gmt":"2016-03-16T19:50:28","guid":{"rendered":"http:\/\/wordpress-13359-29135-128930.cloudwaysapps.com\/?page_id=1100"},"modified":"2019-05-07T16:01:36","modified_gmt":"2019-05-07T13:01:36","slug":"contact","status":"publish","type":"page","link":"https:\/\/hakansemlak.com\/gb\/contact\/","title":{"rendered":"Contact"},"content":{"rendered":"<section class=\"wpb-content-wrapper\"><p>[vc_row][vc_column width=&#8221;1\/2&#8243;][vc_column_text]<strong>Hakan&#8217;s Real Estate:\u00a0<\/strong>\u00a0If you can not find the real estate you are looking for, ask us. Contact us for all your questions\u00a0<a href=\"mailto:info@hakansestate.com\">E-Mail<\/a>\u00a0or<\/p>\n<p>Office\u00a0 \u00a0 :\u00a0<a href=\"tel:+902522623141\">+90 252 262 31 41<\/a><\/p>\n<p>Mobile\u00a0 :\u00a0<a href=\"tel:+905416705865\">+90\u00a0541 670 58 65 ula\u015fabilirsiniz.<\/a>[\/vc_column_text]\n<div class=\"wpcf7 no-js\" id=\"wpcf7-f3657-o1\" lang=\"tr-TR\" dir=\"ltr\" data-wpcf7-id=\"3657\">\n<div class=\"screen-reader-response\"><p role=\"status\" aria-live=\"polite\" aria-atomic=\"true\"><\/p> <ul><\/ul><\/div>\n<form action=\"\/gb\/wp-json\/wp\/v2\/pages\/1100#wpcf7-f3657-o1\" method=\"post\" class=\"wpcf7-form init\" aria-label=\"Contact form\" novalidate=\"novalidate\" data-status=\"init\">\n<fieldset class=\"hidden-fields-container\"><input type=\"hidden\" name=\"_wpcf7\" value=\"3657\" \/><input type=\"hidden\" name=\"_wpcf7_version\" value=\"6.1.4\" \/><input type=\"hidden\" name=\"_wpcf7_locale\" value=\"tr_TR\" \/><input type=\"hidden\" name=\"_wpcf7_unit_tag\" value=\"wpcf7-f3657-o1\" \/><input type=\"hidden\" name=\"_wpcf7_container_post\" value=\"0\" \/><input type=\"hidden\" name=\"_wpcf7_posted_data_hash\" value=\"\" \/>\n<\/fieldset>\n<p><label> \u0130sminiz (zorunlu)<br \/>\n<span class=\"wpcf7-form-control-wrap\" data-name=\"your-name\"><input size=\"40\" maxlength=\"400\" class=\"wpcf7-form-control wpcf7-text wpcf7-validates-as-required\" aria-required=\"true\" aria-invalid=\"false\" value=\"\" type=\"text\" name=\"your-name\" \/><\/span> <\/label>\n<\/p>\n<p><label> Elektronik Posta (zorunlu)<br \/>\n<span class=\"wpcf7-form-control-wrap\" data-name=\"your-email\"><input size=\"40\" maxlength=\"400\" class=\"wpcf7-form-control wpcf7-email wpcf7-text wpcf7-validates-as-email\" aria-invalid=\"false\" value=\"\" type=\"email\" name=\"your-email\" \/><\/span> <\/label>\n<\/p>\n<p><label> Konu<br \/>\n<span class=\"wpcf7-form-control-wrap\" data-name=\"your-subject\"><input size=\"40\" maxlength=\"400\" class=\"wpcf7-form-control wpcf7-text\" aria-invalid=\"false\" value=\"\" type=\"text\" name=\"your-subject\" \/><\/span> <\/label>\n<\/p>\n<p><label> Mesaj\u0131n\u0131z<br \/>\n<span class=\"wpcf7-form-control-wrap\" data-name=\"your-message\"><textarea cols=\"40\" rows=\"10\" maxlength=\"2000\" class=\"wpcf7-form-control wpcf7-textarea\" aria-invalid=\"false\" name=\"your-message\"><\/textarea><\/span> <\/label>\n<\/p>\n<p><input class=\"wpcf7-form-control wpcf7-submit has-spinner\" type=\"submit\" value=\"G\u00f6nder\" \/>\n<\/p><div class=\"wpcf7-response-output\" aria-hidden=\"true\"><\/div>\n<\/form>\n<\/div>\n[\/vc_column][vc_column width=&#8221;1\/2&#8243;][vc_column_text css=&#8221;.vc_custom_1512658421756{padding-top: 20px !important;padding-right: 20px !important;padding-bottom: 20px !important;padding-left: 20px !important;background-color: rgba(0,174,239,0.1) !important;*background-color: rgb(0,174,239) !important;}&#8221;]<\/p>\n<p class=\"padding-top\"><strong>For any questions about real estate:<\/strong><\/p>\n<p><b>Hakan Ertu\u011frul<\/b> Manager Ulucami Mah. Cengiz Topel Cad. No: 4\/A K\u00f6yce\u011fiz 48800 info@hakansestate.com[\/vc_column_text][\/vc_column][\/vc_row][vc_row][vc_column][vc_gmaps link=&#8221;#E-8_JTNDaWZyYW1lJTIwc3JjJTNEJTIyaHR0cHMlM0ElMkYlMkZ3d3cuZ29vZ2xlLmNvbSUyRm1hcHMlMkZlbWJlZCUzRnBiJTNEJTIxMW0xOCUyMTFtMTIlMjExbTMlMjExZDE1OTQuMDk2MTkxNzgzNTc1NSUyMTJkMjguNjg3NjUxNzAwMDAwMDA3JTIxM2QzNi45NTc0NjE5MDAwMDAwMDYlMjEybTMlMjExZjAlMjEyZjAlMjEzZjAlMjEzbTIlMjExaTEwMjQlMjEyaTc2OCUyMTRmMTMuMSUyMTNtMyUyMTFtMiUyMTFzMHgwJTI1M0EweDkzMGZjYzE2MWE4ZjQ0Y2UlMjEyc0hha2FuJTI2JTIzMzklM0JzJTJCRW1sYWslMjE1ZTAlMjEzbTIlMjExc3RyJTIxMnN0ciUyMTR2MTQ5OTA4Mzg3OTgwMyUyMiUyMHdpZHRoJTNEJTIyNjAwJTIyJTIwaGVpZ2h0JTNEJTIyNDUwJTIyJTIwZnJhbWVib3JkZXIlM0QlMjIwJTIyJTIwc3R5bGUlM0QlMjJib3JkZXIlM0EwJTIyJTIwYWxsb3dmdWxsc2NyZWVuJTNFJTNDJTJGaWZyYW1lJTNF&#8221;][\/vc_column][\/vc_row]<\/p>\n<\/section>","protected":false},"excerpt":{"rendered":"<p>[vc_row][vc_column width=&#8221;1\/2&#8243;][vc_column_text]Hakan&#8217;s Real Estate:\u00a0\u00a0If you can not find the real estate you are looking for, ask us. Contact us for all your questions\u00a0E-Mail\u00a0or Office\u00a0 \u00a0 :\u00a0+90 252 262 31 41 Mobile\u00a0 :\u00a0+90\u00a0541 670 58 65 ula\u015fabilirsiniz.[\/vc_column_text][\/vc_column][vc_column width=&#8221;1\/2&#8243;][vc_column_text css=&#8221;.vc_custom_1512658421756{padding-top: 20px !important;padding-right: 20px !important;padding-bottom: 20px !important;padding-left: 20px !important;background-color: rgba(0,174,239,0.1) !important;*background-color: rgb(0,174,239) !important;}&#8221;] For any questions about real [&hellip;]<\/p>\n","protected":false},"author":2,"featured_media":0,"parent":0,"menu_order":0,"comment_status":"closed","ping_status":"closed","template":"template\/template-page.php","meta":{"_exactmetrics_skip_tracking":false,"_exactmetrics_sitenote_active":false,"_exactmetrics_sitenote_note":"","_exactmetrics_sitenote_category":0,"footnotes":""},"class_list":["post-1100","page","type-page","status-publish","hentry"],"translation":{"provider":"WPGlobus","version":"3.0.1","language":"gb","enabled_languages":["tr","gb"],"languages":{"tr":{"title":true,"content":true,"excerpt":false},"gb":{"title":true,"content":true,"excerpt":false}}},"yoast_head":"<!-- This site is optimized with the Yoast SEO plugin v26.7 - https:\/\/yoast.com\/wordpress\/plugins\/seo\/ -->\n<title>Contact - Hakan&#039;s Real Estate<\/title>\n<meta name=\"robots\" content=\"index, follow, max-snippet:-1, max-image-preview:large, max-video-preview:-1\" \/>\n<link rel=\"canonical\" href=\"https:\/\/hakansemlak.com\/contact\/\" \/>\n<meta property=\"og:locale\" content=\"en_GB\" \/>\n<meta property=\"og:type\" content=\"article\" \/>\n<meta property=\"og:title\" content=\"Contact - Hakan&#039;s Real Estate\" \/>\n<meta property=\"og:url\" content=\"https:\/\/hakansemlak.com\/contact\/\" \/>\n<meta property=\"og:site_name\" content=\"Hakan&#039;s Real Estate\" \/>\n<meta property=\"article:publisher\" content=\"https:\/\/www.facebook.com\/hakansrealestate\/\" \/>\n<meta property=\"article:modified_time\" content=\"2019-05-07T13:01:36+00:00\" \/>\n<meta property=\"og:image\" content=\"https:\/\/hakansemlak.com\/wp-content\/uploads\/2017\/06\/logo_tr@3x.png\" \/>\n\t<meta property=\"og:image:width\" content=\"533\" \/>\n\t<meta property=\"og:image:height\" content=\"95\" \/>\n\t<meta property=\"og:image:type\" content=\"image\/png\" \/>\n<meta name=\"twitter:card\" content=\"summary_large_image\" \/>\n<meta name=\"twitter:label1\" content=\"Est. reading time\" \/>\n\t<meta name=\"twitter:data1\" content=\"2 minutes\" \/>\n<script type=\"application\/ld+json\" class=\"yoast-schema-graph\">{\"@context\":\"https:\/\/schema.org\",\"@graph\":[{\"@type\":\"WebPage\",\"@id\":\"https:\/\/hakansemlak.com\/contact\/\",\"url\":\"https:\/\/hakansemlak.com\/contact\/\",\"name\":\"Contact - Hakan&#039;s Real Estate\",\"isPartOf\":{\"@id\":\"https:\/\/hakansemlak.com\/#website\"},\"datePublished\":\"2016-03-16T19:50:28+00:00\",\"dateModified\":\"2019-05-07T13:01:36+00:00\",\"description\":\"Hakan's Emlak ileti\u015fim Arad\u0131\u011f\u0131n\u0131z gayrimenkul\u00fc bulam\u0131yorsan\u0131z,Talep Edin ! Her t\u00fcrl\u00fc gayrimenkul ile ilgili sorular\u0131n\u0131z i\u00e7in: K\u00f6yce\u011fiz Sat\u0131l\u0131k Ev\",\"breadcrumb\":{\"@id\":\"https:\/\/hakansemlak.com\/contact\/#breadcrumb\"},\"inLanguage\":\"en-GB\",\"potentialAction\":[{\"@type\":\"ReadAction\",\"target\":[\"https:\/\/hakansemlak.com\/contact\/\"]}]},{\"@type\":\"BreadcrumbList\",\"@id\":\"https:\/\/hakansemlak.com\/contact\/#breadcrumb\",\"itemListElement\":[{\"@type\":\"ListItem\",\"position\":1,\"name\":\"Ana sayfa\",\"item\":\"https:\/\/hakansemlak.com\/\"},{\"@type\":\"ListItem\",\"position\":2,\"name\":\"\u0130leti\u015fim\"}]},{\"@type\":\"WebSite\",\"@id\":\"https:\/\/hakansemlak.com\/#website\",\"url\":\"https:\/\/hakansemlak.com\/\",\"name\":\"Hakans Emlak\",\"description\":\"Hakan&#039;s Real Estate\",\"publisher\":{\"@id\":\"https:\/\/hakansemlak.com\/#organization\"},\"potentialAction\":[{\"@type\":\"SearchAction\",\"target\":{\"@type\":\"EntryPoint\",\"urlTemplate\":\"https:\/\/hakansemlak.com\/?s={search_term_string}\"},\"query-input\":{\"@type\":\"PropertyValueSpecification\",\"valueRequired\":true,\"valueName\":\"search_term_string\"}}],\"inLanguage\":\"en-GB\"},{\"@type\":\"Organization\",\"@id\":\"https:\/\/hakansemlak.com\/#organization\",\"name\":\"Hakan's Emlak\",\"url\":\"https:\/\/hakansemlak.com\/\",\"logo\":{\"@type\":\"ImageObject\",\"inLanguage\":\"en-GB\",\"@id\":\"https:\/\/hakansemlak.com\/#\/schema\/logo\/image\/\",\"url\":\"https:\/\/hakansemlak.com\/wp-content\/uploads\/2017\/06\/logo_tr@3x.png\",\"contentUrl\":\"https:\/\/hakansemlak.com\/wp-content\/uploads\/2017\/06\/logo_tr@3x.png\",\"width\":533,\"height\":95,\"caption\":\"Hakan's Emlak\"},\"image\":{\"@id\":\"https:\/\/hakansemlak.com\/#\/schema\/logo\/image\/\"},\"sameAs\":[\"https:\/\/www.facebook.com\/hakansrealestate\/\",\"https:\/\/www.linkedin.com\/company\/27155603\/\",\"http:\/\/www.pinterest.com\/hakansemlak\",\"https:\/\/www.youtube.com\/user\/ialkaya\/\"]}]}<\/script>\n<!-- \/ Yoast SEO plugin. -->","yoast_head_json":{"title":"Contact - Hakan&#039;s Real Estate","robots":{"index":"index","follow":"follow","max-snippet":"max-snippet:-1","max-image-preview":"max-image-preview:large","max-video-preview":"max-video-preview:-1"},"canonical":"https:\/\/hakansemlak.com\/contact\/","og_locale":"en_GB","og_type":"article","og_title":"Contact - Hakan&#039;s Real Estate","og_url":"https:\/\/hakansemlak.com\/contact\/","og_site_name":"Hakan&#039;s Real Estate","article_publisher":"https:\/\/www.facebook.com\/hakansrealestate\/","article_modified_time":"2019-05-07T13:01:36+00:00","og_image":[{"width":533,"height":95,"url":"https:\/\/hakansemlak.com\/wp-content\/uploads\/2017\/06\/logo_tr@3x.png","type":"image\/png"}],"twitter_card":"summary_large_image","twitter_misc":{"Est. reading time":"2 minutes"},"schema":{"@context":"https:\/\/schema.org","@graph":[{"@type":"WebPage","@id":"https:\/\/hakansemlak.com\/contact\/","url":"https:\/\/hakansemlak.com\/contact\/","name":"Contact - Hakan&#039;s Real Estate","isPartOf":{"@id":"https:\/\/hakansemlak.com\/#website"},"datePublished":"2016-03-16T19:50:28+00:00","dateModified":"2019-05-07T13:01:36+00:00","description":"Hakan's Emlak ileti\u015fim Arad\u0131\u011f\u0131n\u0131z gayrimenkul\u00fc bulam\u0131yorsan\u0131z,Talep Edin ! Her t\u00fcrl\u00fc gayrimenkul ile ilgili sorular\u0131n\u0131z i\u00e7in: K\u00f6yce\u011fiz Sat\u0131l\u0131k Ev","breadcrumb":{"@id":"https:\/\/hakansemlak.com\/contact\/#breadcrumb"},"inLanguage":"en-GB","potentialAction":[{"@type":"ReadAction","target":["https:\/\/hakansemlak.com\/contact\/"]}]},{"@type":"BreadcrumbList","@id":"https:\/\/hakansemlak.com\/contact\/#breadcrumb","itemListElement":[{"@type":"ListItem","position":1,"name":"Ana sayfa","item":"https:\/\/hakansemlak.com\/"},{"@type":"ListItem","position":2,"name":"\u0130leti\u015fim"}]},{"@type":"WebSite","@id":"https:\/\/hakansemlak.com\/#website","url":"https:\/\/hakansemlak.com\/","name":"Hakans Emlak","description":"Hakan&#039;s Real Estate","publisher":{"@id":"https:\/\/hakansemlak.com\/#organization"},"potentialAction":[{"@type":"SearchAction","target":{"@type":"EntryPoint","urlTemplate":"https:\/\/hakansemlak.com\/?s={search_term_string}"},"query-input":{"@type":"PropertyValueSpecification","valueRequired":true,"valueName":"search_term_string"}}],"inLanguage":"en-GB"},{"@type":"Organization","@id":"https:\/\/hakansemlak.com\/#organization","name":"Hakan's Emlak","url":"https:\/\/hakansemlak.com\/","logo":{"@type":"ImageObject","inLanguage":"en-GB","@id":"https:\/\/hakansemlak.com\/#\/schema\/logo\/image\/","url":"https:\/\/hakansemlak.com\/wp-content\/uploads\/2017\/06\/logo_tr@3x.png","contentUrl":"https:\/\/hakansemlak.com\/wp-content\/uploads\/2017\/06\/logo_tr@3x.png","width":533,"height":95,"caption":"Hakan's Emlak"},"image":{"@id":"https:\/\/hakansemlak.com\/#\/schema\/logo\/image\/"},"sameAs":["https:\/\/www.facebook.com\/hakansrealestate\/","https:\/\/www.linkedin.com\/company\/27155603\/","http:\/\/www.pinterest.com\/hakansemlak","https:\/\/www.youtube.com\/user\/ialkaya\/"]}]}},"_links":{"self":[{"href":"https:\/\/hakansemlak.com\/gb\/wp-json\/wp\/v2\/pages\/1100","targetHints":{"allow":["GET"]}}],"collection":[{"href":"https:\/\/hakansemlak.com\/gb\/wp-json\/wp\/v2\/pages"}],"about":[{"href":"https:\/\/hakansemlak.com\/gb\/wp-json\/wp\/v2\/types\/page"}],"author":[{"embeddable":true,"href":"https:\/\/hakansemlak.com\/gb\/wp-json\/wp\/v2\/users\/2"}],"replies":[{"embeddable":true,"href":"https:\/\/hakansemlak.com\/gb\/wp-json\/wp\/v2\/comments?post=1100"}],"version-history":[{"count":0,"href":"https:\/\/hakansemlak.com\/gb\/wp-json\/wp\/v2\/pages\/1100\/revisions"}],"wp:attachment":[{"href":"https:\/\/hakansemlak.com\/gb\/wp-json\/wp\/v2\/media?parent=1100"}],"curies":[{"name":"wp","href":"https:\/\/api.w.org\/{rel}","templated":true}]}}